{"id":656,"date":"2024-02-06T11:01:52","date_gmt":"2024-02-06T08:01:52","guid":{"rendered":"http:\/\/technowool.com.tr\/?page_id=656"},"modified":"2024-02-22T13:42:21","modified_gmt":"2024-02-22T10:42:21","slug":"yalitim-levhasi","status":"publish","type":"page","link":"https:\/\/technowool.com.tr\/index.php\/yalitim-levhasi\/","title":{"rendered":"YALITIM LEVHASI"},"content":{"rendered":"\t\t<div data-elementor-type=\"wp-page\" data-elementor-id=\"656\" class=\"elementor elementor-656\">\n\t\t\t\t\t\t\t\t\t<section class=\"elementor-section elementor-top-section elementor-element elementor-element-663b742 elementor-section-height-min-height elementor-section-boxed elementor-section-height-default elementor-section-items-middle\" data-id=\"663b742\" data-element_type=\"section\" data-settings=\"{&quot;background_background&quot;:&quot;classic&quot;}\">\n\t\t\t\t\t\t\t<div class=\"elementor-background-overlay\"><\/div>\n\t\t\t\t\t\t\t<div class=\"elementor-container elementor-column-gap-no\">\n\t\t\t\t\t<div class=\"elementor-column elementor-col-100 elementor-top-column elementor-element elementor-element-2be2d89\" data-id=\"2be2d89\" data-element_type=\"column\" data-settings=\"{&quot;background_background&quot;:&quot;gradient&quot;}\">\n\t\t\t<div class=\"elementor-widget-wrap elementor-element-populated\">\n\t\t\t\t\t<div class=\"elementor-background-overlay\"><\/div>\n\t\t\t\t\t\t\t\t<section class=\"elementor-section elementor-inner-section elementor-element elementor-element-1ccb54a elementor-section-height-min-height elementor-section-content-middle elementor-reverse-mobile elementor-section-boxed elementor-section-height-default\" data-id=\"1ccb54a\" data-element_type=\"section\" data-settings=\"{&quot;background_background&quot;:&quot;classic&quot;}\">\n\t\t\t\t\t\t<div class=\"elementor-container elementor-column-gap-no\">\n\t\t\t\t\t<div class=\"elementor-column elementor-col-50 elementor-inner-column elementor-element elementor-element-301f3a0\" data-id=\"301f3a0\" data-element_type=\"column\">\n\t\t\t<div class=\"elementor-widget-wrap elementor-element-populated\">\n\t\t\t\t\t\t\t\t<div class=\"elementor-element elementor-element-09b79e4 animated-slow elementor-invisible elementor-widget elementor-widget-heading\" data-id=\"09b79e4\" data-element_type=\"widget\" data-settings=\"{&quot;_animation&quot;:&quot;fadeInUp&quot;,&quot;_animation_delay&quot;:100}\" data-widget_type=\"heading.default\">\n\t\t\t\t<div class=\"elementor-widget-container\">\n\t\t\t<style>\/*! elementor - v3.17.0 - 08-11-2023 *\/\n.elementor-heading-title{padding:0;margin:0;line-height:1}.elementor-widget-heading .elementor-heading-title[class*=elementor-size-]>a{color:inherit;font-size:inherit;line-height:inherit}.elementor-widget-heading .elementor-heading-title.elementor-size-small{font-size:15px}.elementor-widget-heading .elementor-heading-title.elementor-size-medium{font-size:19px}.elementor-widget-heading .elementor-heading-title.elementor-size-large{font-size:29px}.elementor-widget-heading .elementor-heading-title.elementor-size-xl{font-size:39px}.elementor-widget-heading .elementor-heading-title.elementor-size-xxl{font-size:59px}<\/style><h2 class=\"elementor-heading-title elementor-size-default\">YALITIM LEVHASI<\/h2>\t\t<\/div>\n\t\t\t\t<\/div>\n\t\t\t\t<div class=\"elementor-element elementor-element-53f5a4d elementor-widget-divider--view-line elementor-widget elementor-widget-divider\" data-id=\"53f5a4d\" data-element_type=\"widget\" data-widget_type=\"divider.default\">\n\t\t\t\t<div class=\"elementor-widget-container\">\n\t\t\t<style>\/*! elementor - v3.17.0 - 08-11-2023 *\/\n.elementor-widget-divider{--divider-border-style:none;--divider-border-width:1px;--divider-color:#0c0d0e;--divider-icon-size:20px;--divider-element-spacing:10px;--divider-pattern-height:24px;--divider-pattern-size:20px;--divider-pattern-url:none;--divider-pattern-repeat:repeat-x}.elementor-widget-divider .elementor-divider{display:flex}.elementor-widget-divider .elementor-divider__text{font-size:15px;line-height:1;max-width:95%}.elementor-widget-divider .elementor-divider__element{margin:0 var(--divider-element-spacing);flex-shrink:0}.elementor-widget-divider .elementor-icon{font-size:var(--divider-icon-size)}.elementor-widget-divider .elementor-divider-separator{display:flex;margin:0;direction:ltr}.elementor-widget-divider--view-line_icon .elementor-divider-separator,.elementor-widget-divider--view-line_text .elementor-divider-separator{align-items:center}.elementor-widget-divider--view-line_icon .elementor-divider-separator:after,.elementor-widget-divider--view-line_icon .elementor-divider-separator:before,.elementor-widget-divider--view-line_text .elementor-divider-separator:after,.elementor-widget-divider--view-line_text .elementor-divider-separator:before{display:block;content:\"\";border-bottom:0;flex-grow:1;border-top:var(--divider-border-width) var(--divider-border-style) var(--divider-color)}.elementor-widget-divider--element-align-left .elementor-divider .elementor-divider-separator>.elementor-divider__svg:first-of-type{flex-grow:0;flex-shrink:100}.elementor-widget-divider--element-align-left .elementor-divider-separator:before{content:none}.elementor-widget-divider--element-align-left .elementor-divider__element{margin-left:0}.elementor-widget-divider--element-align-right .elementor-divider .elementor-divider-separator>.elementor-divider__svg:last-of-type{flex-grow:0;flex-shrink:100}.elementor-widget-divider--element-align-right .elementor-divider-separator:after{content:none}.elementor-widget-divider--element-align-right .elementor-divider__element{margin-right:0}.elementor-widget-divider:not(.elementor-widget-divider--view-line_text):not(.elementor-widget-divider--view-line_icon) .elementor-divider-separator{border-top:var(--divider-border-width) var(--divider-border-style) var(--divider-color)}.elementor-widget-divider--separator-type-pattern{--divider-border-style:none}.elementor-widget-divider--separator-type-pattern.elementor-widget-divider--view-line .elementor-divider-separator,.elementor-widget-divider--separator-type-pattern:not(.elementor-widget-divider--view-line) .elementor-divider-separator:after,.elementor-widget-divider--separator-type-pattern:not(.elementor-widget-divider--view-line) .elementor-divider-separator:before,.elementor-widget-divider--separator-type-pattern:not([class*=elementor-widget-divider--view]) .elementor-divider-separator{width:100%;min-height:var(--divider-pattern-height);-webkit-mask-size:var(--divider-pattern-size) 100%;mask-size:var(--divider-pattern-size) 100%;-webkit-mask-repeat:var(--divider-pattern-repeat);mask-repeat:var(--divider-pattern-repeat);background-color:var(--divider-color);-webkit-mask-image:var(--divider-pattern-url);mask-image:var(--divider-pattern-url)}.elementor-widget-divider--no-spacing{--divider-pattern-size:auto}.elementor-widget-divider--bg-round{--divider-pattern-repeat:round}.rtl .elementor-widget-divider .elementor-divider__text{direction:rtl}.e-con-inner>.elementor-widget-divider,.e-con>.elementor-widget-divider{width:var(--container-widget-width,100%);--flex-grow:var(--container-widget-flex-grow)}<\/style>\t\t<div class=\"elementor-divider\">\n\t\t\t<span class=\"elementor-divider-separator\">\n\t\t\t\t\t\t<\/span>\n\t\t<\/div>\n\t\t\t\t<\/div>\n\t\t\t\t<\/div>\n\t\t\t\t<div class=\"elementor-element elementor-element-d0eff31 elementor-invisible elementor-widget elementor-widget-text-editor\" data-id=\"d0eff31\" data-element_type=\"widget\" data-settings=\"{&quot;_animation&quot;:&quot;fadeIn&quot;}\" data-widget_type=\"text-editor.default\">\n\t\t\t\t<div class=\"elementor-widget-container\">\n\t\t\t<style>\/*! elementor - v3.17.0 - 08-11-2023 *\/\n.elementor-widget-text-editor.elementor-drop-cap-view-stacked .elementor-drop-cap{background-color:#69727d;color:#fff}.elementor-widget-text-editor.elementor-drop-cap-view-framed .elementor-drop-cap{color:#69727d;border:3px solid;background-color:transparent}.elementor-widget-text-editor:not(.elementor-drop-cap-view-default) .elementor-drop-cap{margin-top:8px}.elementor-widget-text-editor:not(.elementor-drop-cap-view-default) .elementor-drop-cap-letter{width:1em;height:1em}.elementor-widget-text-editor .elementor-drop-cap{float:left;text-align:center;line-height:1;font-size:50px}.elementor-widget-text-editor .elementor-drop-cap-letter{display:inline-block}<\/style>\t\t\t\t<div class=\"elementor-element elementor-element-a23da19 elementor-widget elementor-widget-text-editor\" data-id=\"a23da19\" data-element_type=\"widget\" data-widget_type=\"text-editor.default\"><div class=\"elementor-widget-container\"><div id=\"comp-jljxrj17\" class=\"BaOVQ8 tz5f0K comp-jljxrj17 wixui-rich-text\" data-testid=\"richTextElement\"><div id=\"comp-jljxrj17\" class=\"BaOVQ8 tz5f0K comp-jljxrj17 wixui-rich-text\" data-testid=\"richTextElement\"><p class=\"font_8 wixui-rich-text__text\">Bir\u00e7ok ayr\u0131 tipte \u00fcretilen yal\u0131t\u0131m levhalar\u0131, 700 derece\u00a0s\u0131cakl\u0131\u011fa kadar yanmazl\u0131k \u00f6zelli\u011finden dolay\u0131 y\u00fcksek s\u0131cakl\u0131\u011f\u0131n oldu\u011fu end\u00fcstriyel uygulamalarda, kazanlarda \u0131s\u0131 ve ses yal\u0131t\u0131m malzemesi olarak; \u00e7elik konstr\u00fcksiyon yap\u0131larda yang\u0131n mukavemeti amac\u0131 ile kullan\u0131l\u0131r.<\/p><p class=\"font_8 wixui-rich-text__text\">D\u00fczg\u00fcn y\u00fczeylere tespit edilen pimler \u00fczerine veya ta\u015f\u0131y\u0131c\u0131 profiller aras\u0131na dizilerek uygulan\u0131r, d\u0131\u015f y\u00fczeyi sac ile kaplan\u0131r.<\/p><\/div><div id=\"comp-jmdcy9lg\" class=\" \"><div class=\"comp-jmdcy9lg\"><div id=\"gallery-wrapper-comp-jmdcy9lg\"><div id=\"pro-gallery-comp-jmdcy9lg\" class=\"pro-gallery\"><div class=\"\" tabindex=\"-1\" data-key=\"pro-gallery-inner-container\"><div class=\"pro-gallery-parent-container gallery-slider\" role=\"region\"><div id=\"pro-gallery-container-comp-jmdcy9lg\" class=\"pro-gallery inline-styles one-row hide-scrollbars  slider  ltr \"><div id=\"gallery-horizontal-scroll-comp-jmdcy9lg\" class=\"gallery-horizontal-scroll gallery-column hide-scrollbars  ltr   scroll-snap  \" data-hook=\"gallery-column\"><div class=\"gallery-horizontal-scroll-inner\"><div data-hook=\"group-view\" aria-hidden=\"false\"><div class=\"item-link-wrapper\" tabindex=\"-1\" data-id=\"bbc66914-c713-4484-b162-86481635a814\" data-idx=\"0\" data-hook=\"item-link-wrapper\"><div id=\"pgibbc66914c7134484b16286481635a814_0\" class=\"gallery-item-container item-container-regular has-custom-focus visible clickable\" tabindex=\"0\" role=\"button\" aria-label=\"\" data-hash=\"bbc66914-c713-4484-b162-86481635a814\" data-id=\"bbc66914-c713-4484-b162-86481635a814\" data-idx=\"0\" data-hook=\"item-container\"><div><div id=\"item-wrapper-bbc66914-c713-4484-b162-86481635a814\" class=\"gallery-item-wrapper visible [object Object]\" data-hook=\"item-wrapper\"><div class=\"gallery-item-content item-content-regular image-item gallery-item-visible gallery-item gallery-item-preloaded  load-with-color image-loaded \" data-hook=\"image-item\"><picture><source srcset=\"https:\/\/static.wixstatic.com\/media\/c01914_a3d89ffcbbf944309d268644d5f116fa~mv2_d_2808_1872_s_2.jpg\/v1\/fit\/w_696,h_464,q_90\/c01914_a3d89ffcbbf944309d268644d5f116fa~mv2_d_2808_1872_s_2.webp 1x, https:\/\/static.wixstatic.com\/media\/c01914_a3d89ffcbbf944309d268644d5f116fa~mv2_d_2808_1872_s_2.jpg\/v1\/fit\/w_1392,h_928,q_90\/c01914_a3d89ffcbbf944309d268644d5f116fa~mv2_d_2808_1872_s_2.webp 2x, https:\/\/static.wixstatic.com\/media\/c01914_a3d89ffcbbf944309d268644d5f116fa~mv2_d_2808_1872_s_2.jpg\/v1\/fit\/w_2088,h_1392,q_90\/c01914_a3d89ffcbbf944309d268644d5f116fa~mv2_d_2808_1872_s_2.webp 3x, https:\/\/static.wixstatic.com\/media\/c01914_a3d89ffcbbf944309d268644d5f116fa~mv2_d_2808_1872_s_2.jpg\/v1\/fit\/w_2784,h_1856,q_90\/c01914_a3d89ffcbbf944309d268644d5f116fa~mv2_d_2808_1872_s_2.webp 4x, https:\/\/static.wixstatic.com\/media\/c01914_a3d89ffcbbf944309d268644d5f116fa~mv2_d_2808_1872_s_2.jpg\/v1\/fit\/w_2808,h_1872,q_90\/c01914_a3d89ffcbbf944309d268644d5f116fa~mv2_d_2808_1872_s_2.webp 5x\" type=\"image\/webp\" \/><source srcset=\"https:\/\/static.wixstatic.com\/media\/c01914_a3d89ffcbbf944309d268644d5f116fa~mv2_d_2808_1872_s_2.jpg\/v1\/fit\/w_696,h_464,q_90\/c01914_a3d89ffcbbf944309d268644d5f116fa~mv2_d_2808_1872_s_2.jpg 1x, https:\/\/static.wixstatic.com\/media\/c01914_a3d89ffcbbf944309d268644d5f116fa~mv2_d_2808_1872_s_2.jpg\/v1\/fit\/w_1392,h_928,q_90\/c01914_a3d89ffcbbf944309d268644d5f116fa~mv2_d_2808_1872_s_2.jpg 2x, https:\/\/static.wixstatic.com\/media\/c01914_a3d89ffcbbf944309d268644d5f116fa~mv2_d_2808_1872_s_2.jpg\/v1\/fit\/w_2088,h_1392,q_90\/c01914_a3d89ffcbbf944309d268644d5f116fa~mv2_d_2808_1872_s_2.jpg 3x, https:\/\/static.wixstatic.com\/media\/c01914_a3d89ffcbbf944309d268644d5f116fa~mv2_d_2808_1872_s_2.jpg\/v1\/fit\/w_2784,h_1856,q_90\/c01914_a3d89ffcbbf944309d268644d5f116fa~mv2_d_2808_1872_s_2.jpg 4x, https:\/\/static.wixstatic.com\/media\/c01914_a3d89ffcbbf944309d268644d5f116fa~mv2_d_2808_1872_s_2.jpg\/v1\/fit\/w_2808,h_1872,q_90\/c01914_a3d89ffcbbf944309d268644d5f116fa~mv2_d_2808_1872_s_2.jpg 5x\" type=\"image\/jpeg\" \/><\/picture><\/div><\/div><\/div><\/div><\/div><\/div><\/div><\/div><\/div><\/div><\/div><\/div><\/div><\/div><\/div><\/div><div id=\"comp-jmdcy9lg\" class=\" \"><div class=\"comp-jmdcy9lg\"><div id=\"gallery-wrapper-comp-jmdcy9lg\"><div id=\"pro-gallery-comp-jmdcy9lg\" class=\"pro-gallery\"><div class=\"\" tabindex=\"-1\" data-key=\"pro-gallery-inner-container\"><div class=\"pro-gallery-parent-container gallery-slider\" role=\"region\"><div id=\"pro-gallery-container-comp-jmdcy9lg\" class=\"pro-gallery inline-styles one-row hide-scrollbars  slider  ltr \"><div id=\"gallery-horizontal-scroll-comp-jmdcy9lg\" class=\"gallery-horizontal-scroll gallery-column hide-scrollbars  ltr   scroll-snap  \" data-hook=\"gallery-column\"><div class=\"gallery-horizontal-scroll-inner\"><div data-hook=\"group-view\" aria-hidden=\"false\"><div class=\"item-link-wrapper\" tabindex=\"-1\" data-id=\"bbc66914-c713-4484-b162-86481635a814\" data-idx=\"0\" data-hook=\"item-link-wrapper\"><div id=\"pgibbc66914c7134484b16286481635a814_0\" class=\"gallery-item-container item-container-regular has-custom-focus visible clickable\" tabindex=\"0\" role=\"button\" aria-label=\"\" data-hash=\"bbc66914-c713-4484-b162-86481635a814\" data-id=\"bbc66914-c713-4484-b162-86481635a814\" data-idx=\"0\" data-hook=\"item-container\"><div><div id=\"item-wrapper-bbc66914-c713-4484-b162-86481635a814\" class=\"gallery-item-wrapper visible [object Object]\" data-hook=\"item-wrapper\"><div class=\"gallery-item-content item-content-regular image-item gallery-item-visible gallery-item gallery-item-preloaded  load-with-color image-loaded \" data-hook=\"image-item\"><picture><source srcset=\"https:\/\/static.wixstatic.com\/media\/c01914_a3d89ffcbbf944309d268644d5f116fa~mv2_d_2808_1872_s_2.jpg\/v1\/fit\/w_696,h_464,q_90\/c01914_a3d89ffcbbf944309d268644d5f116fa~mv2_d_2808_1872_s_2.webp 1x, https:\/\/static.wixstatic.com\/media\/c01914_a3d89ffcbbf944309d268644d5f116fa~mv2_d_2808_1872_s_2.jpg\/v1\/fit\/w_1392,h_928,q_90\/c01914_a3d89ffcbbf944309d268644d5f116fa~mv2_d_2808_1872_s_2.webp 2x, https:\/\/static.wixstatic.com\/media\/c01914_a3d89ffcbbf944309d268644d5f116fa~mv2_d_2808_1872_s_2.jpg\/v1\/fit\/w_2088,h_1392,q_90\/c01914_a3d89ffcbbf944309d268644d5f116fa~mv2_d_2808_1872_s_2.webp 3x, https:\/\/static.wixstatic.com\/media\/c01914_a3d89ffcbbf944309d268644d5f116fa~mv2_d_2808_1872_s_2.jpg\/v1\/fit\/w_2784,h_1856,q_90\/c01914_a3d89ffcbbf944309d268644d5f116fa~mv2_d_2808_1872_s_2.webp 4x, https:\/\/static.wixstatic.com\/media\/c01914_a3d89ffcbbf944309d268644d5f116fa~mv2_d_2808_1872_s_2.jpg\/v1\/fit\/w_2808,h_1872,q_90\/c01914_a3d89ffcbbf944309d268644d5f116fa~mv2_d_2808_1872_s_2.webp 5x\" type=\"image\/webp\" \/><source srcset=\"https:\/\/static.wixstatic.com\/media\/c01914_a3d89ffcbbf944309d268644d5f116fa~mv2_d_2808_1872_s_2.jpg\/v1\/fit\/w_696,h_464,q_90\/c01914_a3d89ffcbbf944309d268644d5f116fa~mv2_d_2808_1872_s_2.jpg 1x, https:\/\/static.wixstatic.com\/media\/c01914_a3d89ffcbbf944309d268644d5f116fa~mv2_d_2808_1872_s_2.jpg\/v1\/fit\/w_1392,h_928,q_90\/c01914_a3d89ffcbbf944309d268644d5f116fa~mv2_d_2808_1872_s_2.jpg 2x, https:\/\/static.wixstatic.com\/media\/c01914_a3d89ffcbbf944309d268644d5f116fa~mv2_d_2808_1872_s_2.jpg\/v1\/fit\/w_2088,h_1392,q_90\/c01914_a3d89ffcbbf944309d268644d5f116fa~mv2_d_2808_1872_s_2.jpg 3x, https:\/\/static.wixstatic.com\/media\/c01914_a3d89ffcbbf944309d268644d5f116fa~mv2_d_2808_1872_s_2.jpg\/v1\/fit\/w_2784,h_1856,q_90\/c01914_a3d89ffcbbf944309d268644d5f116fa~mv2_d_2808_1872_s_2.jpg 4x, https:\/\/static.wixstatic.com\/media\/c01914_a3d89ffcbbf944309d268644d5f116fa~mv2_d_2808_1872_s_2.jpg\/v1\/fit\/w_2808,h_1872,q_90\/c01914_a3d89ffcbbf944309d268644d5f116fa~mv2_d_2808_1872_s_2.jpg 5x\" type=\"image\/jpeg\" \/><\/picture><\/div><\/div><\/div><\/div><\/div><\/div><\/div><\/div><\/div><\/div><\/div><\/div><\/div><\/div><\/div><\/div><\/div><div class=\"elementor-element elementor-element-73f643f elementor-widget elementor-widget-button\" data-id=\"73f643f\" data-element_type=\"widget\" data-widget_type=\"button.default\"><div class=\"elementor-widget-container\"><div class=\"elementor-button-wrapper\">\u00a0<\/div><\/div><\/div>\t\t\t\t\t\t<\/div>\n\t\t\t\t<\/div>\n\t\t\t\t\t<\/div>\n\t\t<\/div>\n\t\t\t\t<div class=\"elementor-column elementor-col-50 elementor-inner-column elementor-element elementor-element-e879ced\" data-id=\"e879ced\" data-element_type=\"column\">\n\t\t\t<div class=\"elementor-widget-wrap elementor-element-populated\">\n\t\t\t\t\t\t\t\t<div class=\"elementor-element elementor-element-568a48d elementor-widget elementor-widget-spacer\" data-id=\"568a48d\" data-element_type=\"widget\" data-widget_type=\"spacer.default\">\n\t\t\t\t<div class=\"elementor-widget-container\">\n\t\t\t<style>\/*! elementor - v3.17.0 - 08-11-2023 *\/\n.elementor-column .elementor-spacer-inner{height:var(--spacer-size)}.e-con{--container-widget-width:100%}.e-con-inner>.elementor-widget-spacer,.e-con>.elementor-widget-spacer{width:var(--container-widget-width,var(--spacer-size));--align-self:var(--container-widget-align-self,initial);--flex-shrink:0}.e-con-inner>.elementor-widget-spacer>.elementor-widget-container,.e-con>.elementor-widget-spacer>.elementor-widget-container{height:100%;width:100%}.e-con-inner>.elementor-widget-spacer>.elementor-widget-container>.elementor-spacer,.e-con>.elementor-widget-spacer>.elementor-widget-container>.elementor-spacer{height:100%}.e-con-inner>.elementor-widget-spacer>.elementor-widget-container>.elementor-spacer>.elementor-spacer-inner,.e-con>.elementor-widget-spacer>.elementor-widget-container>.elementor-spacer>.elementor-spacer-inner{height:var(--container-widget-height,var(--spacer-size))}.e-con-inner>.elementor-widget-spacer.elementor-widget-empty,.e-con>.elementor-widget-spacer.elementor-widget-empty{position:relative;min-height:22px;min-width:22px}.e-con-inner>.elementor-widget-spacer.elementor-widget-empty .elementor-widget-empty-icon,.e-con>.elementor-widget-spacer.elementor-widget-empty .elementor-widget-empty-icon{position:absolute;top:0;bottom:0;left:0;right:0;margin:auto;padding:0;width:22px;height:22px}<\/style>\t\t<div class=\"elementor-spacer\">\n\t\t\t<div class=\"elementor-spacer-inner\"><\/div>\n\t\t<\/div>\n\t\t\t\t<\/div>\n\t\t\t\t<\/div>\n\t\t\t\t<div class=\"elementor-element elementor-element-827a8ac elementor-arrows-position-inside elementor-pagination-position-outside elementor-widget elementor-widget-image-carousel\" data-id=\"827a8ac\" data-element_type=\"widget\" data-settings=\"{&quot;slides_to_show&quot;:&quot;1&quot;,&quot;navigation&quot;:&quot;both&quot;,&quot;autoplay&quot;:&quot;yes&quot;,&quot;pause_on_hover&quot;:&quot;yes&quot;,&quot;pause_on_interaction&quot;:&quot;yes&quot;,&quot;autoplay_speed&quot;:5000,&quot;infinite&quot;:&quot;yes&quot;,&quot;effect&quot;:&quot;slide&quot;,&quot;speed&quot;:500}\" data-widget_type=\"image-carousel.default\">\n\t\t\t\t<div class=\"elementor-widget-container\">\n\t\t\t<style>\/*! elementor - v3.17.0 - 08-11-2023 *\/\n.elementor-widget-image-carousel .swiper,.elementor-widget-image-carousel .swiper-container{position:static}.elementor-widget-image-carousel .swiper-container .swiper-slide figure,.elementor-widget-image-carousel .swiper .swiper-slide figure{line-height:inherit}.elementor-widget-image-carousel .swiper-slide{text-align:center}.elementor-image-carousel-wrapper:not(.swiper-container-initialized):not(.swiper-initialized) .swiper-slide{max-width:calc(100% \/ var(--e-image-carousel-slides-to-show, 3))}<\/style>\t\t<div class=\"elementor-image-carousel-wrapper swiper\" dir=\"ltr\">\n\t\t\t<div class=\"elementor-image-carousel swiper-wrapper\" aria-live=\"off\">\n\t\t\t\t\t\t\t\t<div class=\"swiper-slide\" role=\"group\" aria-roledescription=\"slide\" aria-label=\"1 \/ 3\"><figure class=\"swiper-slide-inner\"><img decoding=\"async\" class=\"swiper-slide-image\" src=\"https:\/\/technowool.com.tr\/wp-content\/uploads\/2024\/02\/Calisma-Yuzeyi-1-kopya-2.png\" alt=\"C\u0327al\u0131s\u0327ma Yu\u0308zeyi 1 kopya 2\" \/><\/figure><\/div><div class=\"swiper-slide\" role=\"group\" aria-roledescription=\"slide\" aria-label=\"2 \/ 3\"><figure class=\"swiper-slide-inner\"><img decoding=\"async\" class=\"swiper-slide-image\" src=\"https:\/\/technowool.com.tr\/wp-content\/uploads\/2024\/02\/Calisma-Yuzeyi-1-kopya.png\" alt=\"C\u0327al\u0131s\u0327ma Yu\u0308zeyi 1 kopya\" \/><\/figure><\/div><div class=\"swiper-slide\" role=\"group\" aria-roledescription=\"slide\" aria-label=\"3 \/ 3\"><figure class=\"swiper-slide-inner\"><img decoding=\"async\" class=\"swiper-slide-image\" src=\"https:\/\/technowool.com.tr\/wp-content\/uploads\/2024\/02\/Calisma-Yuzeyi-1.png\" alt=\"C\u0327al\u0131s\u0327ma Yu\u0308zeyi 1\" \/><\/figure><\/div>\t\t\t<\/div>\n\t\t\t\t\t\t\t\t\t\t\t\t<div class=\"elementor-swiper-button elementor-swiper-button-prev\" role=\"button\" tabindex=\"0\">\n\t\t\t\t\t\t<i aria-hidden=\"true\" class=\"eicon-chevron-left\"><\/i>\t\t\t\t\t<\/div>\n\t\t\t\t\t<div class=\"elementor-swiper-button elementor-swiper-button-next\" role=\"button\" tabindex=\"0\">\n\t\t\t\t\t\t<i aria-hidden=\"true\" class=\"eicon-chevron-right\"><\/i>\t\t\t\t\t<\/div>\n\t\t\t\t\n\t\t\t\t\t\t\t\t\t<div class=\"swiper-pagination\"><\/div>\n\t\t\t\t\t\t\t\t\t<\/div>\n\t\t\t\t<\/div>\n\t\t\t\t<\/div>\n\t\t\t\t\t<\/div>\n\t\t<\/div>\n\t\t\t\t\t\t\t<\/div>\n\t\t<\/section>\n\t\t\t\t\t<\/div>\n\t\t<\/div>\n\t\t\t\t\t\t\t<\/div>\n\t\t<\/section>\n\t\t\t\t\t\t\t<\/div>\n\t\t","protected":false},"excerpt":{"rendered":"<p>YALITIM LEVHASI Bir\u00e7ok ayr\u0131 tipte \u00fcretilen yal\u0131t\u0131m levhalar\u0131, 700 derece\u00a0s\u0131cakl\u0131\u011fa kadar yanmazl\u0131k \u00f6zelli\u011finden dolay\u0131 y\u00fcksek s\u0131cakl\u0131\u011f\u0131n oldu\u011fu end\u00fcstriyel uygulamalarda, kazanlarda \u0131s\u0131 ve ses yal\u0131t\u0131m malzemesi olarak; \u00e7elik konstr\u00fcksiyon yap\u0131larda yang\u0131n mukavemeti amac\u0131 ile kullan\u0131l\u0131r. D\u00fczg\u00fcn y\u00fczeylere tespit edilen pimler \u00fczerine veya ta\u015f\u0131y\u0131c\u0131 profiller aras\u0131na dizilerek uygulan\u0131r, d\u0131\u015f y\u00fczeyi sac ile kaplan\u0131r. \u00a0<\/p>\n","protected":false},"author":1,"featured_media":0,"parent":0,"menu_order":0,"comment_status":"closed","ping_status":"closed","template":"elementor_header_footer","meta":{"site-sidebar-layout":"no-sidebar","site-content-layout":"page-builder","ast-site-content-layout":"full-width-container","site-content-style":"default","site-sidebar-style":"default","ast-global-header-display":"","ast-banner-title-visibility":"","ast-main-header-display":"","ast-hfb-above-header-display":"","ast-hfb-below-header-display":"","ast-hfb-mobile-header-display":"","site-post-title":"disabled","ast-breadcrumbs-content":"","ast-featured-img":"disabled","footer-sml-layout":"","theme-transparent-header-meta":"","adv-header-id-meta":"","stick-header-meta":"","header-above-stick-meta":"","header-main-stick-meta":"","header-below-stick-meta":"","astra-migrate-meta-layouts":"set","ast-page-background-enabled":"default","ast-page-background-meta":{"desktop":{"background-color":"","background-image":"","background-repeat":"repeat","background-position":"center center","background-size":"auto","background-attachment":"scroll","background-type":"","background-media":"","overlay-type":"","overlay-color":"","overlay-gradient":""},"tablet":{"background-color":"","background-image":"","background-repeat":"repeat","background-position":"center center","background-size":"auto","background-attachment":"scroll","background-type":"","background-media":"","overlay-type":"","overlay-color":"","overlay-gradient":""},"mobile":{"background-color":"","background-image":"","background-repeat":"repeat","background-position":"center center","background-size":"auto","background-attachment":"scroll","background-type":"","background-media":"","overlay-type":"","overlay-color":"","overlay-gradient":""}},"ast-content-background-meta":{"desktop":{"background-color":"var(--ast-global-color-5)","background-image":"","background-repeat":"repeat","background-position":"center center","background-size":"auto","background-attachment":"scroll","background-type":"","background-media":"","overlay-type":"","overlay-color":"","overlay-gradient":""},"tablet":{"background-color":"var(--ast-global-color-5)","background-image":"","background-repeat":"repeat","background-position":"center center","background-size":"auto","background-attachment":"scroll","background-type":"","background-media":"","overlay-type":"","overlay-color":"","overlay-gradient":""},"mobile":{"background-color":"var(--ast-global-color-5)","background-image":"","background-repeat":"repeat","background-position":"center center","background-size":"auto","background-attachment":"scroll","background-type":"","background-media":"","overlay-type":"","overlay-color":"","overlay-gradient":""}},"footnotes":""},"class_list":["post-656","page","type-page","status-publish","hentry"],"_links":{"self":[{"href":"https:\/\/technowool.com.tr\/index.php\/wp-json\/wp\/v2\/pages\/656","targetHints":{"allow":["GET"]}}],"collection":[{"href":"https:\/\/technowool.com.tr\/index.php\/wp-json\/wp\/v2\/pages"}],"about":[{"href":"https:\/\/technowool.com.tr\/index.php\/wp-json\/wp\/v2\/types\/page"}],"author":[{"embeddable":true,"href":"https:\/\/technowool.com.tr\/index.php\/wp-json\/wp\/v2\/users\/1"}],"replies":[{"embeddable":true,"href":"https:\/\/technowool.com.tr\/index.php\/wp-json\/wp\/v2\/comments?post=656"}],"version-history":[{"count":10,"href":"https:\/\/technowool.com.tr\/index.php\/wp-json\/wp\/v2\/pages\/656\/revisions"}],"predecessor-version":[{"id":748,"href":"https:\/\/technowool.com.tr\/index.php\/wp-json\/wp\/v2\/pages\/656\/revisions\/748"}],"wp:attachment":[{"href":"https:\/\/technowool.com.tr\/index.php\/wp-json\/wp\/v2\/media?parent=656"}],"curies":[{"name":"wp","href":"https:\/\/api.w.org\/{rel}","templated":true}]}}